{"id":1011,"date":"2021-08-03T14:51:13","date_gmt":"2021-08-03T17:51:13","guid":{"rendered":"https:\/\/cervezadelpuerto.cl\/tienda\/?post_type=product&#038;p=1011"},"modified":"2026-03-11T18:09:43","modified_gmt":"2026-03-11T21:09:43","slug":"del-puerto-pilsen-lager-24-unidades-330-cc","status":"publish","type":"product","link":"https:\/\/cervezadelpuerto.cl\/tienda\/producto\/del-puerto-pilsen-lager-24-unidades-330-cc\/","title":{"rendered":"Del Puerto 24 Botellas Pilsen Lager 330cc"},"content":{"rendered":"<p class=\"p1\"><span class=\"s1\">Nuestra versi\u00f3n propia del cl\u00e1sico europeo presenta un color dorado, espuma blanca, amargor balanceado y alta tomabilidad. El l\u00fapulo alem\u00e1n Callista aporta delicadas notas florales, a damasco y chirimoya.<\/span><\/p>\n<p class=\"p1\">GL 4,5\u00b0<br \/>\nIBU 30<br \/>\nSRM 5<br \/>\nT\u00b0 4-6\u00b0<\/p>\n","protected":false},"excerpt":{"rendered":"<p>24 Unidades Bot 330cc<\/p>\n","protected":false},"featured_media":1892,"comment_status":"open","ping_status":"closed","template":"","meta":[],"product_brand":[],"product_cat":[20,16,63,21,59],"product_tag":[],"class_list":{"0":"post-1011","1":"product","2":"type-product","3":"status-publish","4":"has-post-thumbnail","6":"product_cat-clasicas","7":"product_cat-estilos","8":"product_cat-pack-24-bot","9":"product_cat-packs","10":"product_cat-pilsen-lager","12":"first","13":"instock","14":"shipping-taxable","15":"purchasable","16":"product-type-simple"},"_links":{"self":[{"href":"https:\/\/cervezadelpuerto.cl\/tienda\/wp-json\/wp\/v2\/product\/1011","targetHints":{"allow":["GET"]}}],"collection":[{"href":"https:\/\/cervezadelpuerto.cl\/tienda\/wp-json\/wp\/v2\/product"}],"about":[{"href":"https:\/\/cervezadelpuerto.cl\/tienda\/wp-json\/wp\/v2\/types\/product"}],"replies":[{"embeddable":true,"href":"https:\/\/cervezadelpuerto.cl\/tienda\/wp-json\/wp\/v2\/comments?post=1011"}],"wp:featuredmedia":[{"embeddable":true,"href":"https:\/\/cervezadelpuerto.cl\/tienda\/wp-json\/wp\/v2\/media\/1892"}],"wp:attachment":[{"href":"https:\/\/cervezadelpuerto.cl\/tienda\/wp-json\/wp\/v2\/media?parent=1011"}],"wp:term":[{"taxonomy":"product_brand","embeddable":true,"href":"https:\/\/cervezadelpuerto.cl\/tienda\/wp-json\/wp\/v2\/product_brand?post=1011"},{"taxonomy":"product_cat","embeddable":true,"href":"https:\/\/cervezadelpuerto.cl\/tienda\/wp-json\/wp\/v2\/product_cat?post=1011"},{"taxonomy":"product_tag","embeddable":true,"href":"https:\/\/cervezadelpuerto.cl\/tienda\/wp-json\/wp\/v2\/product_tag?post=1011"}],"curies":[{"name":"wp","href":"https:\/\/api.w.org\/{rel}","templated":true}]}}