{"id":1855,"date":"2025-07-22T16:12:12","date_gmt":"2025-07-22T19:12:12","guid":{"rendered":"http:\/\/cervezadelpuerto.cl\/tienda\/?post_type=product&#038;p=1855"},"modified":"2026-02-02T10:33:24","modified_gmt":"2026-02-02T13:33:24","slug":"del-puerto-pilsen-lager-12-unidades-lata-473cc","status":"publish","type":"product","link":"https:\/\/cervezadelpuerto.cl\/tienda\/producto\/del-puerto-pilsen-lager-12-unidades-lata-473cc\/","title":{"rendered":"Del Puerto 12 Latas Pilsen Lager 473cc"},"content":{"rendered":"<p class=\"p1\"><span class=\"s1\">Nuestra versi\u00f3n propia del cl\u00e1sico europeo presenta un color dorado, espuma blanca, amargor balanceado y alta tomabilidad. El l\u00fapulo alem\u00e1n Callista aporta delicadas notas florales, a damasco y chirimoya.<\/span><\/p>\n<p class=\"p1\">GL 4,5\u00b0<br \/>\nIBU 30<br \/>\nSRM 5<br \/>\nT\u00b0 4-6\u00b0<\/p>\n","protected":false},"excerpt":{"rendered":"<p>Pilsen Lager 12 Unidades Lata 473cc<\/p>\n","protected":false},"featured_media":2051,"comment_status":"open","ping_status":"closed","template":"","meta":[],"product_brand":[],"product_cat":[16,60,21,22,59],"product_tag":[],"class_list":{"0":"post-1855","1":"product","2":"type-product","3":"status-publish","4":"has-post-thumbnail","6":"product_cat-estilos","7":"product_cat-latas","8":"product_cat-packs","9":"product_cat-packs-12","10":"product_cat-pilsen-lager","12":"first","13":"instock","14":"shipping-taxable","15":"purchasable","16":"product-type-simple"},"_links":{"self":[{"href":"https:\/\/cervezadelpuerto.cl\/tienda\/wp-json\/wp\/v2\/product\/1855","targetHints":{"allow":["GET"]}}],"collection":[{"href":"https:\/\/cervezadelpuerto.cl\/tienda\/wp-json\/wp\/v2\/product"}],"about":[{"href":"https:\/\/cervezadelpuerto.cl\/tienda\/wp-json\/wp\/v2\/types\/product"}],"replies":[{"embeddable":true,"href":"https:\/\/cervezadelpuerto.cl\/tienda\/wp-json\/wp\/v2\/comments?post=1855"}],"wp:featuredmedia":[{"embeddable":true,"href":"https:\/\/cervezadelpuerto.cl\/tienda\/wp-json\/wp\/v2\/media\/2051"}],"wp:attachment":[{"href":"https:\/\/cervezadelpuerto.cl\/tienda\/wp-json\/wp\/v2\/media?parent=1855"}],"wp:term":[{"taxonomy":"product_brand","embeddable":true,"href":"https:\/\/cervezadelpuerto.cl\/tienda\/wp-json\/wp\/v2\/product_brand?post=1855"},{"taxonomy":"product_cat","embeddable":true,"href":"https:\/\/cervezadelpuerto.cl\/tienda\/wp-json\/wp\/v2\/product_cat?post=1855"},{"taxonomy":"product_tag","embeddable":true,"href":"https:\/\/cervezadelpuerto.cl\/tienda\/wp-json\/wp\/v2\/product_tag?post=1855"}],"curies":[{"name":"wp","href":"https:\/\/api.w.org\/{rel}","templated":true}]}}