{"id":2098,"date":"2026-03-22T21:30:07","date_gmt":"2026-03-23T00:30:07","guid":{"rendered":"https:\/\/cervezadelpuerto.cl\/tienda\/?post_type=product&#038;p=2098"},"modified":"2026-05-09T16:11:40","modified_gmt":"2026-05-09T19:11:40","slug":"del-puerto-12-latas-coquimbo-unido-473cc","status":"publish","type":"product","link":"https:\/\/cervezadelpuerto.cl\/tienda\/producto\/del-puerto-12-latas-coquimbo-unido-473cc\/","title":{"rendered":"Del Puerto 12 Latas Coquimbo Unido 473cc"},"content":{"rendered":"<p>Una lager de color rubio, fresca, suave y refrescante, con un perfil arom\u00e1tico delicado donde aparecen notas herbales, c\u00edtricas y florales. Su cuerpo liviano y amargor balanceado la vuelven una cerveza muy f\u00e1cil de disfrutar, perfecta para maridar con mariscos, pescados blancos y tablas para compartir.<\/p>\n<p>GL 4,9\u00b0<br \/>\nIBU 20<br \/>\nSRM 4-6<br \/>\nT\u00b0 4-6\u00b0<\/p>\n","protected":false},"excerpt":{"rendered":"<p>Una lager de color rubio, fresca, suave y refrescante, con un perfil arom\u00e1tico delicado donde aparecen notas herbales, c\u00edtricas y florales. Su cuerpo liviano y amargor balanceado la vuelven una cerveza muy f\u00e1cil de disfrutar, perfecta para maridar con mariscos, pescados blancos y tablas para compartir. GL 4,9\u00b0 IBU 20 SRM 4-6 T\u00b0 4-6\u00b0<\/p>\n","protected":false},"featured_media":2099,"comment_status":"open","ping_status":"closed","template":"","meta":[],"product_brand":[],"product_cat":[16,60,21,22,59],"product_tag":[],"class_list":{"0":"post-2098","1":"product","2":"type-product","3":"status-publish","4":"has-post-thumbnail","6":"product_cat-estilos","7":"product_cat-latas","8":"product_cat-packs","9":"product_cat-packs-12","10":"product_cat-pilsen-lager","12":"first","13":"instock","14":"sale","15":"shipping-taxable","16":"purchasable","17":"product-type-simple"},"_links":{"self":[{"href":"https:\/\/cervezadelpuerto.cl\/tienda\/wp-json\/wp\/v2\/product\/2098","targetHints":{"allow":["GET"]}}],"collection":[{"href":"https:\/\/cervezadelpuerto.cl\/tienda\/wp-json\/wp\/v2\/product"}],"about":[{"href":"https:\/\/cervezadelpuerto.cl\/tienda\/wp-json\/wp\/v2\/types\/product"}],"replies":[{"embeddable":true,"href":"https:\/\/cervezadelpuerto.cl\/tienda\/wp-json\/wp\/v2\/comments?post=2098"}],"wp:featuredmedia":[{"embeddable":true,"href":"https:\/\/cervezadelpuerto.cl\/tienda\/wp-json\/wp\/v2\/media\/2099"}],"wp:attachment":[{"href":"https:\/\/cervezadelpuerto.cl\/tienda\/wp-json\/wp\/v2\/media?parent=2098"}],"wp:term":[{"taxonomy":"product_brand","embeddable":true,"href":"https:\/\/cervezadelpuerto.cl\/tienda\/wp-json\/wp\/v2\/product_brand?post=2098"},{"taxonomy":"product_cat","embeddable":true,"href":"https:\/\/cervezadelpuerto.cl\/tienda\/wp-json\/wp\/v2\/product_cat?post=2098"},{"taxonomy":"product_tag","embeddable":true,"href":"https:\/\/cervezadelpuerto.cl\/tienda\/wp-json\/wp\/v2\/product_tag?post=2098"}],"curies":[{"name":"wp","href":"https:\/\/api.w.org\/{rel}","templated":true}]}}